{"id":911,"date":"2018-11-06T11:34:03","date_gmt":"2018-11-06T11:34:03","guid":{"rendered":"http:\/\/fleet.com.br\/site\/?page_id=911"},"modified":"2018-11-06T11:43:42","modified_gmt":"2018-11-06T11:43:42","slug":"field-service","status":"publish","type":"page","link":"https:\/\/www.fleet.com.br\/site\/field-service\/","title":{"rendered":"Field Service"},"content":{"rendered":"<p><a href=\"http:\/\/fleet.com.br\/site\/wp-content\/uploads\/2018\/11\/fieldservice.png\"><img loading=\"lazy\" class=\"size-full wp-image-913 alignnone\" src=\"http:\/\/fleet.com.br\/site\/wp-content\/uploads\/2018\/11\/fieldservice.png\" alt=\"\" width=\"312\" height=\"74\" srcset=\"https:\/\/www.fleet.com.br\/site\/wp-content\/uploads\/2018\/11\/fieldservice.png 312w, https:\/\/www.fleet.com.br\/site\/wp-content\/uploads\/2018\/11\/fieldservice-300x71.png 300w\" sizes=\"(max-width: 312px) 100vw, 312px\" \/><\/a><\/p>\n<p><img loading=\"lazy\" class=\"alignleft size-full wp-image-251\" src=\"http:\/\/fleet.com.br\/site\/wp-content\/uploads\/2015\/12\/lateral.png\" alt=\"lateral\" width=\"69\" height=\"721\" \/><\/p>\n<p>Field Service \u00e9 assist\u00eancia t\u00e9cnica especializada para solu\u00e7\u00e3o de problemas em campo que afetam a infraestrutura de TI.<\/p>\n<p>Nossos t\u00e9cnicos est\u00e3o preparados para realizar visitas t\u00e9cnicas e solucionar problemas em Desktop, Notebook e Servidores.<\/p>\n<p>&nbsp;<\/p>\n<p><b>Caracter\u00edsticas <\/b><b>do Field Service:<\/b><\/p>\n<p>&#8211; Atendimento t\u00e9cnico presencial especializado<\/p>\n<p>&nbsp;<\/p>\n<p><b>Benef\u00edcios para quem contrata:<\/b><\/p>\n<p>Redu\u00e7\u00e3o de custos<\/p>\n<p>Disponibilidade<\/p>\n<p>Acionamento autom\u00e1tico pela equipe Service Desk<\/p>\n<p>&nbsp;<\/p>\n<p><b>Nosso <\/b><b>diferencial<\/b><b>:<\/b><\/p>\n<p>T\u00e9cnicos especializados<\/p>\n<p>Ferramentas apropriadas<\/p>\n<p>Envio do equipamento para reparo em laborat\u00f3rio pela pr\u00f3pria equipe Field Service<\/p>\n<p>Programas de treinamento e aperfei\u00e7oamento do time<\/p>\n","protected":false},"excerpt":{"rendered":"<p>Field Service \u00e9 assist\u00eancia t\u00e9cnica especializada para solu\u00e7\u00e3o de problemas em campo que afetam a infraestrutura de TI. Nossos t\u00e9cnicos est\u00e3o preparados para realizar visitas t\u00e9cnicas e solucionar problemas em Desktop, Notebook e Servidores. &nbsp; Caracter\u00edsticas do Field Service: &#8211; Atendimento t\u00e9cnico presencial especializado &nbsp;&#8230;<\/p>\n","protected":false},"author":1,"featured_media":0,"parent":0,"menu_order":0,"comment_status":"closed","ping_status":"closed","template":"","meta":[],"_links":{"self":[{"href":"https:\/\/www.fleet.com.br\/site\/wp-json\/wp\/v2\/pages\/911"}],"collection":[{"href":"https:\/\/www.fleet.com.br\/site\/wp-json\/wp\/v2\/pages"}],"about":[{"href":"https:\/\/www.fleet.com.br\/site\/wp-json\/wp\/v2\/types\/page"}],"author":[{"embeddable":true,"href":"https:\/\/www.fleet.com.br\/site\/wp-json\/wp\/v2\/users\/1"}],"replies":[{"embeddable":true,"href":"https:\/\/www.fleet.com.br\/site\/wp-json\/wp\/v2\/comments?post=911"}],"version-history":[{"count":5,"href":"https:\/\/www.fleet.com.br\/site\/wp-json\/wp\/v2\/pages\/911\/revisions"}],"predecessor-version":[{"id":918,"href":"https:\/\/www.fleet.com.br\/site\/wp-json\/wp\/v2\/pages\/911\/revisions\/918"}],"wp:attachment":[{"href":"https:\/\/www.fleet.com.br\/site\/wp-json\/wp\/v2\/media?parent=911"}],"curies":[{"name":"wp","href":"https:\/\/api.w.org\/{rel}","templated":true}]}}