{"id":405,"date":"2016-07-06T21:40:07","date_gmt":"2016-07-06T21:40:07","guid":{"rendered":"http:\/\/fleet.com.br\/site\/?page_id=405"},"modified":"2016-07-15T21:32:56","modified_gmt":"2016-07-15T21:32:56","slug":"solucoes-em-cloud","status":"publish","type":"page","link":"https:\/\/www.fleet.com.br\/site\/solucoes-em-cloud\/","title":{"rendered":"Solu\u00e7\u00f5es em Cloud"},"content":{"rendered":"<p><code><script type=\"text\/javascript\">var lsjQuery = jQuery;<\/script><script type=\"text\/javascript\">\r\nlsjQuery(document).ready(function() {\r\n                if(typeof lsjQuery.fn.layerSlider == \"undefined\") { lsShowNotice('layerslider_3','jquery'); }\r\n                    else if(typeof lsjQuery.transit == \"undefined\" || typeof lsjQuery.transit.modifiedForLayerSlider == \"undefined\") { lsShowNotice('layerslider_3', 'transit'); }\r\n                        else {\r\n                            lsjQuery(\"#layerslider_3\").layerSlider({\r\n                                width : '1000px',\r\n                                height : '225px',\r\n                                responsive : true,\r\n                                responsiveUnder : 0,\r\n                                sublayerContainer : 0,\r\n                                autoStart : true,\r\n                                pauseOnHover : true,\r\n                                firstLayer : 1,\r\n                                animateFirstLayer : true,\r\n                                randomSlideshow : false,\r\n                                twoWaySlideshow : true,\r\n                                loops : 0,\r\n                                forceLoopNum : true,\r\n                                autoPlayVideos : true,\r\n                                autoPauseSlideshow : 'auto',\r\n                                youtubePreview : 'maxresdefault.jpg',\r\n                                keybNav : true,\r\n                                touchNav : true,\r\n                                skin : 'preview',\r\n                                skinsPath : 'https:\/\/www.fleet.com.br\/site\/wp-content\/plugins\/LayerSlider\/skins\/',\r\nnavPrevNext : true,\r\n                                navStartStop : true,\r\n                                navButtons : true,\r\n                                hoverPrevNext : true,\r\n                                hoverBottomNav : false,\r\n                                showBarTimer : false,\r\n                                showCircleTimer : true,\r\n                                thumbnailNavigation : 'hover',\r\n                                tnWidth : 100,\r\n                                tnHeight : 60,\r\n                                tnContainerWidth : '60%',\r\n                                tnActiveOpacity : 35,\r\n                                tnInactiveOpacity : 100,\r\n                                imgPreload : true,\r\n                        \t\tyourLogo : false,\r\n                                yourLogoStyle : 'left: 10px; top: 10px;',\r\n                                yourLogoLink : false,\r\n                                yourLogoTarget : '_self',\r\n                                cbInit : function(element) { },\r\n                                cbStart : function(data) { },\r\n                                cbStop : function(data) { },\r\n                                cbPause : function(data) { },\r\n                                cbAnimStart : function(data) { },\r\n                                cbAnimStop : function(data) { },\r\n                                cbPrev : function(data) { },\r\n                                cbNext : function(data) { }\r\n                            });\r\n                        }\r\n            });\r\n        <\/script><div class=\"ls-wp-fullwidth-container\"><div class=\"ls-wp-fullwidth-helper\"><div id=\"layerslider_3\" class=\"ls-wp-container\" style=\"width: 1000px; height: 225px; margin: 0px auto; \"><div class=\"ls-layer\"  style=\"slidedirection: bottom; slidedelay: 4000; durationin: 1000; durationout: 1000; easingin: linear; easingout: linear; delayin: 0; delayout: 0; \"><img class=\"ls-s-1\"  src=\"https:\/\/fleet.com.br\/site\/wp-content\/uploads\/2016\/07\/new-york-1071162-emb.png\"  style=\"position: absolute; top: -181px; left: -327px;    durationin : 1000; durationout : 1000; easingin : easeInOutQuint; easingout : easeInOutQuint; delayin : 0; delayout : 0; showuntil : 0; \"><img class=\"ls-s-1\"  src=\"https:\/\/fleet.com.br\/site\/wp-content\/uploads\/2016\/07\/Image_Stay.png\"  style=\"position: absolute; top: 7px; left: 455px;    durationin : 2000; durationout : 1000; easingin : easeInOutQuint; easingout : easeInOutQuint; delayin : 0; delayout : 0; showuntil : 0; \"><img class=\"ls-s-1\"  src=\"https:\/\/fleet.com.br\/site\/wp-content\/uploads\/2016\/07\/solu-clou.png\"  style=\"position: absolute; top: -40px; left: -6px;    durationin : 1000; durationout : 1000; easingin : easeInOutQuint; easingout : easeInOutQuint; delayin : 0; delayout : 0; showuntil : 0; \"><img class=\"ls-s-1\"  src=\"https:\/\/fleet.com.br\/site\/wp-content\/uploads\/2016\/07\/mobili.png\"  style=\"position: absolute; top: 16px; left: 60px;    durationin : 3000; durationout : 1000; easingin : easeInOutQuint; easingout : easeInOutQuint; delayin : 0; delayout : 0; showuntil : 0; \"><img class=\"ls-s-1\"  src=\"https:\/\/fleet.com.br\/site\/wp-content\/uploads\/2016\/07\/segur.png\"  style=\"position: absolute; top: 66px; left: 89px;    durationin : 4000; durationout : 1000; easingin : easeInOutQuint; easingout : easeInOutQuint; delayin : 0; delayout : 0; showuntil : 0; \"><\/div><\/div><\/div><\/div><\/code><br \/>\nNossa miss\u00e3o \u00e9 oferecer a solu\u00e7\u00e3o em Cloud ideal para a sua empresa, com solu\u00e7\u00f5es customizadas e inteligentes, aproveitando ao m\u00e1ximo os investimentos j\u00e1 aplicados na sua infraestrutura de TI atual.<\/p>\n<p>&nbsp;<\/p>\n<p>Nossa equipe est\u00e1 pronta e preparada para oferecer \u00e0 sua empresa a melhor consultoria em Cloud, aplicando projetos que se adaptam as suas necessidades.<\/p>\n<p>&nbsp;<\/p>\n<h3 class=\"landing-page-hero-title\" data-customizer=\"landing-page-hero-title\">Conhe\u00e7a alguns benef\u00edcios em se ter uma solu\u00e7\u00e3o em Cloud<\/h3>\n<p>&nbsp;<\/p>\n<p><strong>Ferramentas de colabora\u00e7\u00e3o:<\/strong><\/p>\n<p>&nbsp;<br \/>\n&nbsp;<\/p>\n<p><img loading=\"lazy\" class=\"alignleft wp-image-688\" src=\"http:\/\/fleet.com.br\/site\/wp-content\/uploads\/2016\/07\/seta.png\" alt=\"seta\" width=\"35\" height=\"35\" \/>E-mail profissional, armazenamento on-line, agendas compartilhadas,\u00a0reuni\u00f5es por v\u00eddeo e muito mais. Criado para empresas, projetado para equipes.<\/p>\n<p>&nbsp;<br \/>\n&nbsp;<\/p>\n<p><img loading=\"lazy\" class=\"alignleft wp-image-688\" src=\"http:\/\/fleet.com.br\/site\/wp-content\/uploads\/2016\/07\/seta.png\" alt=\"seta\" width=\"35\" height=\"35\" \/>Armazene e compartilhe na nuvem.<\/p>\n<p>&nbsp;<br \/>\n&nbsp;;<\/p>\n<p><img loading=\"lazy\" class=\"alignleft wp-image-688\" src=\"http:\/\/fleet.com.br\/site\/wp-content\/uploads\/2016\/07\/seta.png\" alt=\"seta\" width=\"35\" height=\"35\" \/>\u00a0Organize reuni\u00f5es online com \u00e1udio, v\u00eddeo HD e webconfer\u00eancia pela Internet. Participe de reuni\u00f5es com apenas um clique ou toque no seu smartphone, tablet ou PC preferido.<\/p>\n<p>&nbsp;<\/p>\n<p><img loading=\"lazy\" class=\"alignleft wp-image-688\" src=\"http:\/\/fleet.com.br\/site\/wp-content\/uploads\/2016\/07\/seta.png\" alt=\"seta\" width=\"35\" height=\"35\" \/>\u00a0E-mail sem preocupa\u00e7\u00f5es<\/p>\n<p>&nbsp;<br \/>\n&nbsp;<\/p>\n<p><img loading=\"lazy\" class=\"alignleft wp-image-688\" src=\"http:\/\/fleet.com.br\/site\/wp-content\/uploads\/2016\/07\/seta.png\" alt=\"seta\" width=\"35\" height=\"35\" \/>\u00a0Uma caixa de entrada limpa e sem an\u00fancios.\u00a0Passe seu tempo se comunicando, n\u00e3o gerenciando contas de e-mail, preocupando-se em como proteger seu e-mail ou se movimentar em uma caixa de entrada cheia de an\u00fancios.<\/p>\n<p>&nbsp;<br \/>\n&nbsp;<\/p>\n<p><img loading=\"lazy\" class=\"alignleft wp-image-688\" src=\"http:\/\/fleet.com.br\/site\/wp-content\/uploads\/2016\/07\/seta.png\" alt=\"seta\" width=\"35\" height=\"35\" \/>Use o seu pr\u00f3prio nome de dom\u00ednio nas contas de e-mail para que o nome de sua empresa seja exibido sempre que voc\u00ea enviar uma mensagem.<\/p>\n<p>&nbsp;<br \/>\n&nbsp;<\/p>\n<p><img loading=\"lazy\" class=\"alignleft wp-image-688\" src=\"http:\/\/fleet.com.br\/site\/wp-content\/uploads\/2016\/07\/seta.png\" alt=\"seta\" width=\"35\" height=\"35\" \/>Os calend\u00e1rios compartilhados permitem que voc\u00ea veja quando as pessoas est\u00e3o livres ou ocupadas em qualquer ocasi\u00e3o. O agendamento \u00e9 f\u00e1cil e, tanto quanto poss\u00edvel, sem complica\u00e7\u00f5es. Em praticamente qualquer lugar.<\/p>\n<p>&nbsp;<br \/>\n&nbsp;<\/p>\n<p><img loading=\"lazy\" class=\"alignleft size-full wp-image-676\" src=\"http:\/\/fleet.com.br\/site\/wp-content\/uploads\/2016\/07\/Office365-APPS.png\" alt=\"Office365-APPS\" width=\"1000\" height=\"268\" srcset=\"https:\/\/www.fleet.com.br\/site\/wp-content\/uploads\/2016\/07\/Office365-APPS.png 1000w, https:\/\/www.fleet.com.br\/site\/wp-content\/uploads\/2016\/07\/Office365-APPS-300x80.png 300w, https:\/\/www.fleet.com.br\/site\/wp-content\/uploads\/2016\/07\/Office365-APPS-768x206.png 768w\" sizes=\"(max-width: 1000px) 100vw, 1000px\" \/><\/p>\n","protected":false},"excerpt":{"rendered":"<p>Nossa miss\u00e3o \u00e9 oferecer a solu\u00e7\u00e3o em Cloud ideal para a sua empresa, com solu\u00e7\u00f5es customizadas e inteligentes, aproveitando ao m\u00e1ximo os investimentos j\u00e1 aplicados na sua infraestrutura de TI atual. &nbsp; Nossa equipe est\u00e1 pronta e preparada para oferecer \u00e0 sua empresa a melhor&#8230;<\/p>\n","protected":false},"author":1,"featured_media":0,"parent":0,"menu_order":0,"comment_status":"closed","ping_status":"closed","template":"","meta":[],"_links":{"self":[{"href":"https:\/\/www.fleet.com.br\/site\/wp-json\/wp\/v2\/pages\/405"}],"collection":[{"href":"https:\/\/www.fleet.com.br\/site\/wp-json\/wp\/v2\/pages"}],"about":[{"href":"https:\/\/www.fleet.com.br\/site\/wp-json\/wp\/v2\/types\/page"}],"author":[{"embeddable":true,"href":"https:\/\/www.fleet.com.br\/site\/wp-json\/wp\/v2\/users\/1"}],"replies":[{"embeddable":true,"href":"https:\/\/www.fleet.com.br\/site\/wp-json\/wp\/v2\/comments?post=405"}],"version-history":[{"count":59,"href":"https:\/\/www.fleet.com.br\/site\/wp-json\/wp\/v2\/pages\/405\/revisions"}],"predecessor-version":[{"id":694,"href":"https:\/\/www.fleet.com.br\/site\/wp-json\/wp\/v2\/pages\/405\/revisions\/694"}],"wp:attachment":[{"href":"https:\/\/www.fleet.com.br\/site\/wp-json\/wp\/v2\/media?parent=405"}],"curies":[{"name":"wp","href":"https:\/\/api.w.org\/{rel}","templated":true}]}}