{"id":399,"date":"2016-07-06T21:22:53","date_gmt":"2016-07-06T21:22:53","guid":{"rendered":"http:\/\/fleet.com.br\/site\/?page_id=399"},"modified":"2016-07-26T20:19:45","modified_gmt":"2016-07-26T20:19:45","slug":"projetos","status":"publish","type":"page","link":"https:\/\/www.fleet.com.br\/site\/projetos\/","title":{"rendered":"Projetos On Demand"},"content":{"rendered":"<p><code><script type=\"text\/javascript\">var lsjQuery = jQuery;<\/script><script type=\"text\/javascript\">\r\nlsjQuery(document).ready(function() {\r\n                if(typeof lsjQuery.fn.layerSlider == \"undefined\") { lsShowNotice('layerslider_9','jquery'); }\r\n                    else if(typeof lsjQuery.transit == \"undefined\" || typeof lsjQuery.transit.modifiedForLayerSlider == \"undefined\") { lsShowNotice('layerslider_9', 'transit'); }\r\n                        else {\r\n                            lsjQuery(\"#layerslider_9\").layerSlider({\r\n                                width : '1000px',\r\n                                height : '200px',\r\n                                responsive : true,\r\n                                responsiveUnder : 0,\r\n                                sublayerContainer : 0,\r\n                                autoStart : true,\r\n                                pauseOnHover : true,\r\n                                firstLayer : 1,\r\n                                animateFirstLayer : true,\r\n                                randomSlideshow : false,\r\n                                twoWaySlideshow : true,\r\n                                loops : 0,\r\n                                forceLoopNum : true,\r\n                                autoPlayVideos : true,\r\n                                autoPauseSlideshow : 'auto',\r\n                                youtubePreview : 'maxresdefault.jpg',\r\n                                keybNav : true,\r\n                                touchNav : true,\r\n                                skin : 'fullwidth',\r\n                                skinsPath : 'https:\/\/www.fleet.com.br\/site\/wp-content\/plugins\/LayerSlider\/skins\/',\r\nnavPrevNext : false,\r\n                                navStartStop : false,\r\n                                navButtons : false,\r\n                                hoverPrevNext : false,\r\n                                hoverBottomNav : false,\r\n                                showBarTimer : false,\r\n                                showCircleTimer : false,\r\n                                thumbnailNavigation : 'hover',\r\n                                tnWidth : 100,\r\n                                tnHeight : 60,\r\n                                tnContainerWidth : '60%',\r\n                                tnActiveOpacity : 35,\r\n                                tnInactiveOpacity : 100,\r\n                                imgPreload : true,\r\n                        \t\tyourLogo : false,\r\n                                yourLogoStyle : 'left: 10px; top: 10px;',\r\n                                yourLogoLink : false,\r\n                                yourLogoTarget : '_self',\r\n                                cbInit : function(element) { },\r\n                                cbStart : function(data) { },\r\n                                cbStop : function(data) { },\r\n                                cbPause : function(data) { },\r\n                                cbAnimStart : function(data) { },\r\n                                cbAnimStop : function(data) { },\r\n                                cbPrev : function(data) { },\r\n                                cbNext : function(data) { }\r\n                            });\r\n                        }\r\n            });\r\n        <\/script><div class=\"ls-wp-fullwidth-container\"><div class=\"ls-wp-fullwidth-helper\"><div id=\"layerslider_9\" class=\"ls-wp-container\" style=\"width: 1000px; height: 200px; margin: 0px auto; \"><div class=\"ls-layer\"  style=\"slidedirection: top; slidedelay: 4000; durationin: 1500; durationout: 1500; easingin: easeInOutQuint; easingout: easeInOutQuint; delayin: 0; delayout: 0; \"><img class=\"ls-s-1\"  src=\"https:\/\/fleet.com.br\/site\/wp-content\/uploads\/2016\/07\/target-1200.jpg\"  style=\"position: absolute; top: -66px; left: -197px;    durationin : 1000; durationout : 1000; easingin : easeInOutQuint; easingout : easeInOutQuint; delayin : 0; delayout : 0; showuntil : 0; \"><h2  class=\"ls-s-1\" style=\"position: absolute; top:7px; left: 11px;   durationin : 1000; durationout : 1000; easingin : easeInOutQuint; easingout : easeInOutQuint; delayin : 0; delayout : 0; showuntil : 0;   white-space: nowrap;\"> Projetos on Demand <\/h2><h2  class=\"ls-s-1\" style=\"position: absolute; top:6px; left: 12px;   durationin : 1000; durationout : 1000; easingin : easeInOutQuint; easingout : easeInOutQuint; delayin : 0; delayout : 0; showuntil : 0;  color: #ffffff;  white-space: nowrap;\"> Projetos on Demand <\/h2><\/div><\/div><\/div><\/div><\/code><br \/>\nNossa responsabilidade est\u00e1 voltada para a qualidade na entrega de produtos e servi\u00e7os de TI \u2018sob demanda\u2019, garantindo satisfa\u00e7\u00e3o, confiabilidade e melhoria cont\u00ednua.<\/p>\n<p>&nbsp;<\/p>\n<p>&nbsp;<\/p>\n<h3><img loading=\"lazy\" class=\"alignleft size-full wp-image-667\" src=\"http:\/\/fleet.com.br\/site\/wp-content\/uploads\/2016\/07\/lateral-maior3.png\" alt=\"lateral-maior3\" width=\"69\" height=\"1200\" \/>Networking<\/h3>\n<p>&nbsp;<\/p>\n<p>Solu\u00e7\u00f5es de conectividade flex\u00edveis e inovadoras, de acordo com a demanda tecnol\u00f3gica de sua empresa.\u00a0Temos o compromisso de utilizar os melhores produtos pelo melhor custo beneficio.<\/p>\n<p>Aumente a seguran\u00e7a de sua empresa e ao mesmo tempo agregue escalabilidade e desempenho.<\/p>\n<p>&nbsp;<\/p>\n<p>&nbsp;<\/p>\n<h3>Storage<\/h3>\n<p>&nbsp;<\/p>\n<p>Mais espa\u00e7o em armazenamento com escalabilidade e sem\u00a0abrir m\u00e3o da seguran\u00e7a.<\/p>\n<p>Desenvolvemos\u00a0o projeto ideal para a sua empresa.<\/p>\n<p>&nbsp;<\/p>\n<p>&nbsp;<\/p>\n<h3>Licenciamento de Softwares<\/h3>\n<p>&nbsp;<\/p>\n<p>Consultoria em licenciamento de softwares<\/p>\n<p>N\u00e3o perca o controle.\u00a0Oferecemos a consultoria ideal para seus ativos de software.<\/p>\n<p>&nbsp;<\/p>\n<p>&nbsp;<\/p>\n<h3>Apoio a desenvolvedores de sistemas<\/h3>\n<p>&nbsp;<\/p>\n<p>Nossa proposta \u00e9 auxilar os desenvolvedores de softwares e empresas de sistemas ERP na implanta\u00e7\u00e3o e migra\u00e7\u00e3o de sistemas.<\/p>\n<p>Muitas vezes as empresas contratam sistemas ERP sem saber que \u00e9 essencial o acompanhamento de profissionais qualificados em infraestrutura para que tenha sucesso na implanta\u00e7\u00e3o ou migra\u00e7\u00e3o.<\/p>\n<p>&nbsp;<\/p>\n<p>&nbsp;<\/p>\n<p>&nbsp;<\/p>\n<h3>Virtualiza\u00e7\u00e3o e Cloud Computing<\/h3>\n<p>&nbsp;<\/p>\n<p>Garanta o pleno funcionamento de sua empresa, n\u00e3o deixe que a TI atrapalhe o fluxo de trabalho, ao inv\u00e9s disso,\u00a0torne-\u00e1 \u00a0aliada aos neg\u00f3cios de sua empresa.<\/p>\n<p>&nbsp;<\/p>\n<p>A virtualiza\u00e7\u00e3o de servidores possibilita\u00a0a cria\u00e7\u00e3o de um plano de recupera\u00e7\u00e3o de desastre, diminuindo o tempo de reparo com manobras e t\u00e9cnicas inovadoras.<\/p>\n<p>&nbsp;<\/p>\n<p>&nbsp;<\/p>\n<h3>Startup e Adequa\u00e7\u00e3o \u00a0de\u00a0ambientes tecnol\u00f3gicos<\/h3>\n<p>&nbsp;<\/p>\n<p>Cabeamento estruturado<\/p>\n<p>Estrutura Wireless (Wi-Fi) confi\u00e1vel e segura<\/p>\n<p>Sistemas de retaguarda<\/p>\n<p>Sistemas de redund\u00e2ncia.<\/p>\n<p>Pol\u00edticas de Seguran\u00e7a<\/p>\n<p>Instala\u00e7\u00e3o e configura\u00e7\u00e3o de Servidores Microsoft<\/p>\n<p>Instala\u00e7\u00e3o e configura\u00e7\u00e3o de Servidores Linux<\/p>\n<p>&nbsp;<\/p>\n<p>&nbsp;<\/p>\n","protected":false},"excerpt":{"rendered":"<p>Nossa responsabilidade est\u00e1 voltada para a qualidade na entrega de produtos e servi\u00e7os de TI \u2018sob demanda\u2019, garantindo satisfa\u00e7\u00e3o, confiabilidade e melhoria cont\u00ednua. &nbsp; &nbsp; Networking &nbsp; Solu\u00e7\u00f5es de conectividade flex\u00edveis e inovadoras, de acordo com a demanda tecnol\u00f3gica de sua empresa.\u00a0Temos o compromisso de&#8230;<\/p>\n","protected":false},"author":1,"featured_media":0,"parent":0,"menu_order":0,"comment_status":"closed","ping_status":"closed","template":"","meta":[],"_links":{"self":[{"href":"https:\/\/www.fleet.com.br\/site\/wp-json\/wp\/v2\/pages\/399"}],"collection":[{"href":"https:\/\/www.fleet.com.br\/site\/wp-json\/wp\/v2\/pages"}],"about":[{"href":"https:\/\/www.fleet.com.br\/site\/wp-json\/wp\/v2\/types\/page"}],"author":[{"embeddable":true,"href":"https:\/\/www.fleet.com.br\/site\/wp-json\/wp\/v2\/users\/1"}],"replies":[{"embeddable":true,"href":"https:\/\/www.fleet.com.br\/site\/wp-json\/wp\/v2\/comments?post=399"}],"version-history":[{"count":116,"href":"https:\/\/www.fleet.com.br\/site\/wp-json\/wp\/v2\/pages\/399\/revisions"}],"predecessor-version":[{"id":884,"href":"https:\/\/www.fleet.com.br\/site\/wp-json\/wp\/v2\/pages\/399\/revisions\/884"}],"wp:attachment":[{"href":"https:\/\/www.fleet.com.br\/site\/wp-json\/wp\/v2\/media?parent=399"}],"curies":[{"name":"wp","href":"https:\/\/api.w.org\/{rel}","templated":true}]}}