{"id":240,"date":"2015-12-17T16:14:11","date_gmt":"2015-12-17T16:14:11","guid":{"rendered":"http:\/\/fleet.com.br\/site\/?page_id=240"},"modified":"2016-07-26T19:02:42","modified_gmt":"2016-07-26T19:02:42","slug":"hospedagem-e-desenvolvimento-web","status":"publish","type":"page","link":"https:\/\/www.fleet.com.br\/site\/hospedagem-e-desenvolvimento-web\/","title":{"rendered":"Hospedagem de Sites"},"content":{"rendered":"<p><code><script type=\"text\/javascript\">var lsjQuery = jQuery;<\/script><script type=\"text\/javascript\">\r\nlsjQuery(document).ready(function() {\r\n                if(typeof lsjQuery.fn.layerSlider == \"undefined\") { lsShowNotice('layerslider_4','jquery'); }\r\n                    else if(typeof lsjQuery.transit == \"undefined\" || typeof lsjQuery.transit.modifiedForLayerSlider == \"undefined\") { lsShowNotice('layerslider_4', 'transit'); }\r\n                        else {\r\n                            lsjQuery(\"#layerslider_4\").layerSlider({\r\n                                width : '1000px',\r\n                                height : '250px',\r\n                                responsive : true,\r\n                                responsiveUnder : 0,\r\n                                sublayerContainer : 0,\r\n                                autoStart : true,\r\n                                pauseOnHover : true,\r\n                                firstLayer : 1,\r\n                                animateFirstLayer : true,\r\n                                randomSlideshow : false,\r\n                                twoWaySlideshow : true,\r\n                                loops : 0,\r\n                                forceLoopNum : true,\r\n                                autoPlayVideos : true,\r\n                                autoPauseSlideshow : 'auto',\r\n                                youtubePreview : 'maxresdefault.jpg',\r\n                                keybNav : true,\r\n                                touchNav : true,\r\n                                skin : 'preview',\r\n                                skinsPath : 'https:\/\/www.fleet.com.br\/site\/wp-content\/plugins\/LayerSlider\/skins\/',\r\nnavPrevNext : false,\r\n                                navStartStop : false,\r\n                                navButtons : false,\r\n                                hoverPrevNext : false,\r\n                                hoverBottomNav : false,\r\n                                showBarTimer : false,\r\n                                showCircleTimer : false,\r\n                                thumbnailNavigation : 'hover',\r\n                                tnWidth : 100,\r\n                                tnHeight : 60,\r\n                                tnContainerWidth : '60%',\r\n                                tnActiveOpacity : 35,\r\n                                tnInactiveOpacity : 100,\r\n                                imgPreload : true,\r\n                        \t\tyourLogo : false,\r\n                                yourLogoStyle : 'left: 10px; top: 10px;',\r\n                                yourLogoLink : false,\r\n                                yourLogoTarget : '_self',\r\n                                cbInit : function(element) { },\r\n                                cbStart : function(data) { },\r\n                                cbStop : function(data) { },\r\n                                cbPause : function(data) { },\r\n                                cbAnimStart : function(data) { },\r\n                                cbAnimStop : function(data) { },\r\n                                cbPrev : function(data) { },\r\n                                cbNext : function(data) { }\r\n                            });\r\n                        }\r\n            });\r\n        <\/script><div id=\"layerslider_4\" class=\"ls-wp-container\" style=\"width: 1000px; height: 250px; margin: 0px auto; \"><div class=\"ls-layer\"  style=\"slidedirection: right; slidedelay: 4000; durationin: 1000; durationout: 1000; easingin: linear; easingout: linear; delayin: 0; delayout: 0; \"><img class=\"ls-s-1\"  src=\"https:\/\/fleet.com.br\/site\/wp-content\/uploads\/2016\/01\/arte.png\"  style=\"position: absolute; top: 16px; left: -668px;    durationin : 1000; durationout : 1000; easingin : easeOutQuint; easingout : easeOutQuint; delayin : 0; delayout : 0; showuntil : 0; \"><img class=\"ls-s-1\"  src=\"https:\/\/fleet.com.br\/site\/wp-content\/uploads\/2016\/07\/hospedagem1.png\"  style=\"position: absolute; top: -7px; left: 415px;    durationin : 1000; durationout : 1000; easingin : easeInOutQuint; easingout : easeInOutQuint; delayin : 0; delayout : 0; showuntil : 0; \"><\/div><\/div><\/code><\/p>\n<p>&nbsp;<\/p>\n<p><img loading=\"lazy\" class=\"size-full wp-image-436 aligncenter\" src=\"http:\/\/fleet.com.br\/site\/wp-content\/uploads\/2015\/12\/planos1.png\" alt=\"planos1\" width=\"643\" height=\"217\" srcset=\"https:\/\/www.fleet.com.br\/site\/wp-content\/uploads\/2015\/12\/planos1.png 643w, https:\/\/www.fleet.com.br\/site\/wp-content\/uploads\/2015\/12\/planos1-300x101.png 300w\" sizes=\"(max-width: 643px) 100vw, 643px\" \/><\/p>\n<p><b>Benef\u00edcios para quem contrata:<\/b><\/p>\n<p>Hoje em dia sua empresa precisa ter visibilidade na internet para oferecer seus produtos e servi\u00e7os, al\u00e9m de ter seu pr\u00f3prio e-mail corporativo.<\/p>\n<p>Nossos planos inclui suporte t\u00e9cnico para configura\u00e7\u00e3o dos e-mails e consultoria para defini\u00e7\u00e3o do melhor plano de hospedagem e registro de dom\u00ednio.<\/p>\n<p>&nbsp;<\/p>\n<p>Nossa hospedagem \u00e9 ideal para pequenas empresas.<\/p>\n<p>&nbsp;<\/p>\n<p>Para solu\u00e7\u00f5es completas em Cloud visite a \u00e0rea <a href=\"http:\/\/fleet.com.br\/site\/solucoes-em-cloud\/\"><span class=\"su-highlight\" style=\"background:#ddff99;color:#000000\">&nbsp;Solu\u00e7\u00f5es em Cloud&nbsp;<\/span><\/a><\/p>\n<hr \/>\n","protected":false},"excerpt":{"rendered":"<p>&nbsp; Benef\u00edcios para quem contrata: Hoje em dia sua empresa precisa ter visibilidade na internet para oferecer seus produtos e servi\u00e7os, al\u00e9m de ter seu pr\u00f3prio e-mail corporativo. Nossos planos inclui suporte t\u00e9cnico para configura\u00e7\u00e3o dos e-mails e consultoria para defini\u00e7\u00e3o do melhor plano de&#8230;<\/p>\n","protected":false},"author":1,"featured_media":0,"parent":0,"menu_order":0,"comment_status":"closed","ping_status":"closed","template":"","meta":[],"_links":{"self":[{"href":"https:\/\/www.fleet.com.br\/site\/wp-json\/wp\/v2\/pages\/240"}],"collection":[{"href":"https:\/\/www.fleet.com.br\/site\/wp-json\/wp\/v2\/pages"}],"about":[{"href":"https:\/\/www.fleet.com.br\/site\/wp-json\/wp\/v2\/types\/page"}],"author":[{"embeddable":true,"href":"https:\/\/www.fleet.com.br\/site\/wp-json\/wp\/v2\/users\/1"}],"replies":[{"embeddable":true,"href":"https:\/\/www.fleet.com.br\/site\/wp-json\/wp\/v2\/comments?post=240"}],"version-history":[{"count":56,"href":"https:\/\/www.fleet.com.br\/site\/wp-json\/wp\/v2\/pages\/240\/revisions"}],"predecessor-version":[{"id":870,"href":"https:\/\/www.fleet.com.br\/site\/wp-json\/wp\/v2\/pages\/240\/revisions\/870"}],"wp:attachment":[{"href":"https:\/\/www.fleet.com.br\/site\/wp-json\/wp\/v2\/media?parent=240"}],"curies":[{"name":"wp","href":"https:\/\/api.w.org\/{rel}","templated":true}]}}