{"id":238,"date":"2015-12-17T16:13:23","date_gmt":"2015-12-17T16:13:23","guid":{"rendered":"http:\/\/fleet.com.br\/site\/?page_id=238"},"modified":"2016-07-08T17:53:40","modified_gmt":"2016-07-08T17:53:40","slug":"manutencao-em-microinformatica","status":"publish","type":"page","link":"https:\/\/www.fleet.com.br\/site\/manutencao-em-microinformatica\/","title":{"rendered":"Manuten\u00e7\u00e3o em Microinform\u00e1tica"},"content":{"rendered":"<p>&nbsp;<\/p>\n<p><img loading=\"lazy\" class=\"alignleft size-full wp-image-312\" src=\"http:\/\/fleet.com.br\/site\/wp-content\/uploads\/2015\/12\/manutencao.png\" alt=\"manutencao\" width=\"417\" height=\"140\" srcset=\"https:\/\/www.fleet.com.br\/site\/wp-content\/uploads\/2015\/12\/manutencao.png 417w, https:\/\/www.fleet.com.br\/site\/wp-content\/uploads\/2015\/12\/manutencao-300x101.png 300w\" sizes=\"(max-width: 417px) 100vw, 417px\" \/><\/p>\n<p>&nbsp;<\/p>\n<p>&nbsp;<\/p>\n<p>&nbsp;<\/p>\n<p>&nbsp;<\/p>\n<p>&nbsp;<\/p>\n<p>&nbsp;<\/p>\n<p>&nbsp;<\/p>\n<p><img loading=\"lazy\" class=\"alignleft size-full wp-image-439\" src=\"http:\/\/fleet.com.br\/site\/wp-content\/uploads\/2015\/12\/lateral-b.remoto1.png\" alt=\"lateral-b.remoto1\" width=\"69\" height=\"348\" \/><\/p>\n<p>Ap\u00f3s o diagn\u00f3stico adequado pelo Service Desk e a confirma\u00e7\u00e3o de que um problema de hardware\u00a0 est\u00e1 ocorrendo,\u00a0 o microcomputador ter\u00e1 que ser reparado em uma assist\u00eancia t\u00e9cnica que possua um laborat\u00f3rio adequado e com pessoal t\u00e9cnico especializado.<\/p>\n<p>&nbsp;<\/p>\n<p><b>Caracter\u00edsticas:<\/b><\/p>\n<p>Manuten\u00e7\u00e3o em microinform\u00e1tica \u00e9 a manuten\u00e7\u00e3o e repara\u00e7\u00e3o de problemas em microcomputadores.<\/p>\n<p>&nbsp;<\/p>\n<p><b>Benef\u00edcios <\/b><b>para quem contrata:<\/b><\/p>\n<p>Mantem a centraliza\u00e7\u00e3o do Service Desk e a assist\u00eancia t\u00e9cnica em uma \u00fanica gest\u00e3o economizando tempo e custo.<\/p>\n<p>&nbsp;<\/p>\n<p><b>Nosso diferencial:<\/b><\/p>\n<p>A Fleet Inform\u00e1tica possui um laborat\u00f3rio adequado para\u00a0 manuten\u00e7\u00e3o de hardware, com bancadas apropriadas, equipadas com nobreaks e aterramento adequado.<\/p>\n","protected":false},"excerpt":{"rendered":"<p>&nbsp; &nbsp; &nbsp; &nbsp; &nbsp; &nbsp; &nbsp; &nbsp; Ap\u00f3s o diagn\u00f3stico adequado pelo Service Desk e a confirma\u00e7\u00e3o de que um problema de hardware\u00a0 est\u00e1 ocorrendo,\u00a0 o microcomputador ter\u00e1 que ser reparado em uma assist\u00eancia t\u00e9cnica que possua um laborat\u00f3rio adequado e com pessoal t\u00e9cnico&#8230;<\/p>\n","protected":false},"author":1,"featured_media":0,"parent":0,"menu_order":0,"comment_status":"closed","ping_status":"closed","template":"","meta":[],"_links":{"self":[{"href":"https:\/\/www.fleet.com.br\/site\/wp-json\/wp\/v2\/pages\/238"}],"collection":[{"href":"https:\/\/www.fleet.com.br\/site\/wp-json\/wp\/v2\/pages"}],"about":[{"href":"https:\/\/www.fleet.com.br\/site\/wp-json\/wp\/v2\/types\/page"}],"author":[{"embeddable":true,"href":"https:\/\/www.fleet.com.br\/site\/wp-json\/wp\/v2\/users\/1"}],"replies":[{"embeddable":true,"href":"https:\/\/www.fleet.com.br\/site\/wp-json\/wp\/v2\/comments?post=238"}],"version-history":[{"count":11,"href":"https:\/\/www.fleet.com.br\/site\/wp-json\/wp\/v2\/pages\/238\/revisions"}],"predecessor-version":[{"id":440,"href":"https:\/\/www.fleet.com.br\/site\/wp-json\/wp\/v2\/pages\/238\/revisions\/440"}],"wp:attachment":[{"href":"https:\/\/www.fleet.com.br\/site\/wp-json\/wp\/v2\/media?parent=238"}],"curies":[{"name":"wp","href":"https:\/\/api.w.org\/{rel}","templated":true}]}}