{"id":215,"date":"2015-12-17T15:36:32","date_gmt":"2015-12-17T15:36:32","guid":{"rendered":"http:\/\/fleet.com.br\/site\/?page_id=215"},"modified":"2015-12-17T16:11:22","modified_gmt":"2015-12-17T16:11:22","slug":"area-do-cliente","status":"publish","type":"page","link":"https:\/\/www.fleet.com.br\/site\/area-do-cliente\/","title":{"rendered":"\u00c1rea do Cliente"},"content":{"rendered":"<h2 style=\"text-align: center;\">Espa\u00e7o reservado para clientes<\/h2>\n<p>&nbsp;<\/p>\n<p>&nbsp;<\/p>\n<h3>Selecione abaixo sua op\u00e7\u00e3o:<\/h3>\n<p>&nbsp;<\/p>\n<p><a href=\"http:\/\/fleet.com.br\/site\/suporte\/\"><div class=\"su-service\"><div class=\"su-service-title\" style=\"padding-left:46px;min-height:32px;line-height:32px\"><i class=\"sui sui-star\" style=\"font-size:32px;color:#333\"><\/i> Suporte<\/div><div class=\"su-service-content su-u-clearfix su-u-trim\" style=\"padding-left:46px\">Essa op\u00e7\u00e3o lhe enviar\u00e1 para a p\u00e1gina de suporte<\/div><\/div><\/a><\/p>\n<p>&nbsp;<\/p>\n<p><a href=\"http:\/\/suporte.fleet.com.br\/prog\/contrato\" target=\"_blank\"><div class=\"su-service\"><div class=\"su-service-title\" style=\"padding-left:46px;min-height:32px;line-height:32px\"><i class=\"sui sui-star\" style=\"font-size:32px;color:#333\"><\/i> Chamado T\u00e9cnico<\/div><div class=\"su-service-content su-u-clearfix su-u-trim\" style=\"padding-left:46px\">Essa op\u00e7\u00e3o lhe enviar\u00e1 para a p\u00e1gina de Chamado T\u00e9cnico. <\/div><\/div><\/a><\/p>\n","protected":false},"excerpt":{"rendered":"<p>Espa\u00e7o reservado para clientes &nbsp; &nbsp; Selecione abaixo sua op\u00e7\u00e3o: &nbsp; &nbsp;<\/p>\n","protected":false},"author":1,"featured_media":0,"parent":0,"menu_order":0,"comment_status":"closed","ping_status":"closed","template":"","meta":[],"_links":{"self":[{"href":"https:\/\/www.fleet.com.br\/site\/wp-json\/wp\/v2\/pages\/215"}],"collection":[{"href":"https:\/\/www.fleet.com.br\/site\/wp-json\/wp\/v2\/pages"}],"about":[{"href":"https:\/\/www.fleet.com.br\/site\/wp-json\/wp\/v2\/types\/page"}],"author":[{"embeddable":true,"href":"https:\/\/www.fleet.com.br\/site\/wp-json\/wp\/v2\/users\/1"}],"replies":[{"embeddable":true,"href":"https:\/\/www.fleet.com.br\/site\/wp-json\/wp\/v2\/comments?post=215"}],"version-history":[{"count":16,"href":"https:\/\/www.fleet.com.br\/site\/wp-json\/wp\/v2\/pages\/215\/revisions"}],"predecessor-version":[{"id":233,"href":"https:\/\/www.fleet.com.br\/site\/wp-json\/wp\/v2\/pages\/215\/revisions\/233"}],"wp:attachment":[{"href":"https:\/\/www.fleet.com.br\/site\/wp-json\/wp\/v2\/media?parent=215"}],"curies":[{"name":"wp","href":"https:\/\/api.w.org\/{rel}","templated":true}]}}