{"id":18,"date":"2015-12-15T16:41:03","date_gmt":"2015-12-15T16:41:03","guid":{"rendered":"http:\/\/fleet.com.br\/site\/?page_id=18"},"modified":"2020-09-23T11:57:26","modified_gmt":"2020-09-23T11:57:26","slug":"contato","status":"publish","type":"page","link":"https:\/\/www.fleet.com.br\/site\/contato\/","title":{"rendered":"Contato"},"content":{"rendered":"<p><code><script type=\"text\/javascript\">var lsjQuery = jQuery;<\/script><script type=\"text\/javascript\">\r\nlsjQuery(document).ready(function() {\r\n                if(typeof lsjQuery.fn.layerSlider == \"undefined\") { lsShowNotice('layerslider_8','jquery'); }\r\n                    else if(typeof lsjQuery.transit == \"undefined\" || typeof lsjQuery.transit.modifiedForLayerSlider == \"undefined\") { lsShowNotice('layerslider_8', 'transit'); }\r\n                        else {\r\n                            lsjQuery(\"#layerslider_8\").layerSlider({\r\n                                width : '1200px',\r\n                                height : '200px',\r\n                                responsive : true,\r\n                                responsiveUnder : 0,\r\n                                sublayerContainer : 0,\r\n                                autoStart : true,\r\n                                pauseOnHover : true,\r\n                                firstLayer : 1,\r\n                                animateFirstLayer : true,\r\n                                randomSlideshow : false,\r\n                                twoWaySlideshow : true,\r\n                                loops : 0,\r\n                                forceLoopNum : true,\r\n                                autoPlayVideos : true,\r\n                                autoPauseSlideshow : 'auto',\r\n                                youtubePreview : 'maxresdefault.jpg',\r\n                                keybNav : true,\r\n                                touchNav : true,\r\n                                skin : 'fullwidth',\r\n                                skinsPath : 'https:\/\/www.fleet.com.br\/site\/wp-content\/plugins\/LayerSlider\/skins\/',\r\nnavPrevNext : false,\r\n                                navStartStop : false,\r\n                                navButtons : false,\r\n                                hoverPrevNext : false,\r\n                                hoverBottomNav : false,\r\n                                showBarTimer : false,\r\n                                showCircleTimer : false,\r\n                                thumbnailNavigation : 'hover',\r\n                                tnWidth : 100,\r\n                                tnHeight : 60,\r\n                                tnContainerWidth : '60%',\r\n                                tnActiveOpacity : 35,\r\n                                tnInactiveOpacity : 100,\r\n                                imgPreload : false,\r\n                        \t\tyourLogo : false,\r\n                                yourLogoStyle : 'left: 10px; top: 10px;',\r\n                                yourLogoLink : false,\r\n                                yourLogoTarget : '_self',\r\n                                cbInit : function(element) { },\r\n                                cbStart : function(data) { },\r\n                                cbStop : function(data) { },\r\n                                cbPause : function(data) { },\r\n                                cbAnimStart : function(data) { },\r\n                                cbAnimStop : function(data) { },\r\n                                cbPrev : function(data) { },\r\n                                cbNext : function(data) { }\r\n                            });\r\n                        }\r\n            });\r\n        <\/script><div class=\"ls-wp-fullwidth-container\"><div class=\"ls-wp-fullwidth-helper\"><div id=\"layerslider_8\" class=\"ls-wp-container\" style=\"width: 1200px; height: 200px; margin: 0px auto; \"><div class=\"ls-layer\"  style=\"slidedirection: top; slidedelay: 4000; durationin: 1500; durationout: 1500; easingin: easeInOutQuint; easingout: easeInOutQuint; delayin: 0; delayout: 0; \"><img class=\"ls-s-1\"  src=\"https:\/\/fleet.com.br\/site\/wp-content\/uploads\/2015\/12\/Titulo_Fleet_Informatica_Site.jpg\"  style=\"position: absolute; top: -8px; left: -244px;    durationin : 1000; durationout : 1000; easingin : easeInOutQuint; easingout : easeInOutQuint; delayin : 0; delayout : 0; showuntil : 0; \"><h1  class=\"ls-s-1\" style=\"position: absolute; top:51px; left: 494px;   durationin : 1000; durationout : 1000; easingin : easeInOutQuint; easingout : easeInOutQuint; delayin : 0; delayout : 0; showuntil : 0;  color: #ffffff;  white-space: nowrap;\"> Contato <\/h1><\/div><\/div><\/div><\/div><\/code><br \/>\n<span class=\"su-frame su-frame-align-right su-frame-style-default\"><span class=\"su-frame-inner\"><iframe style=\"border: 0;\" src=\"http:\/\/fleet.com.br\/site\/chat\/index.php\" width=\"250px\" height=\"500px\" frameborder=\"0\" scrolling=\"no\"><\/iframe><\/span><\/span>\n<p><img loading=\"lazy\" class=\"size-full wp-image-824 alignleft\" src=\"http:\/\/fleet.com.br\/site\/wp-content\/uploads\/2015\/12\/about-1.png\" alt=\"about\" width=\"48\" height=\"48\" \/><\/p>\n<p>N\u00f3s gostar\u00edamos de ouvir de voc\u00ea. Por favor, envie-nos uma mensagem preenchendo o formul\u00e1rio abaixo e entraremos em contato com voc\u00ea em breve. Se preferir ligue para a gente, nosso tronco chave \u00e9 (11) 2950.5872.<\/p>\n<p>&nbsp;<\/p>\n<p>Se voc\u00ea \u00e9 um dos nossos parceiros, entre com seu login e senha no chat ao lado.<\/p>\n<p>&nbsp;<\/p>\n<p>&nbsp;<\/p>\n<div role=\"form\" class=\"wpcf7\" id=\"wpcf7-f773-o1\" lang=\"pt-BR\" dir=\"ltr\">\n<div class=\"screen-reader-response\" role=\"alert\" aria-live=\"polite\"><\/div>\n<form action=\"\/site\/wp-json\/wp\/v2\/pages\/18#wpcf7-f773-o1\" method=\"post\" class=\"wpcf7-form init\" novalidate=\"novalidate\">\n<div style=\"display: none;\">\n<input type=\"hidden\" name=\"_wpcf7\" value=\"773\" \/>\n<input type=\"hidden\" name=\"_wpcf7_version\" value=\"5.2.2\" \/>\n<input type=\"hidden\" name=\"_wpcf7_locale\" value=\"pt_BR\" \/>\n<input type=\"hidden\" name=\"_wpcf7_unit_tag\" value=\"wpcf7-f773-o1\" \/>\n<input type=\"hidden\" name=\"_wpcf7_container_post\" value=\"0\" \/>\n<input type=\"hidden\" name=\"_wpcf7_posted_data_hash\" value=\"\" \/>\n<\/div>\n<p>Seu nome (obrigat\u00f3rio)<br \/>\n    <span class=\"wpcf7-form-control-wrap your-name\"><input type=\"text\" name=\"your-name\" value=\"\" size=\"40\" class=\"wpcf7-form-control wpcf7-text wpcf7-validates-as-required\" aria-required=\"true\" aria-invalid=\"false\" \/><\/span> <\/p>\n<p>Seu e-mail (obrigat\u00f3rio)<br \/>\n    <span class=\"wpcf7-form-control-wrap your-email\"><input type=\"email\" name=\"your-email\" value=\"\" size=\"40\" class=\"wpcf7-form-control wpcf7-text wpcf7-email wpcf7-validates-as-required wpcf7-validates-as-email\" aria-required=\"true\" aria-invalid=\"false\" \/><\/span> <\/p>\n<p>Assunto<br \/>\n    <span class=\"wpcf7-form-control-wrap your-subject\"><input type=\"text\" name=\"your-subject\" value=\"\" size=\"40\" class=\"wpcf7-form-control wpcf7-text\" aria-invalid=\"false\" \/><\/span> <\/p>\n<p>Sua mensagem<br \/>\n    <span class=\"wpcf7-form-control-wrap your-message\"><textarea name=\"your-message\" cols=\"40\" rows=\"10\" class=\"wpcf7-form-control wpcf7-textarea\" aria-invalid=\"false\"><\/textarea><\/span> <\/p>\n<p><span class=\"wpcf7-form-control-wrap kc_captcha\"><span class=\"wpcf7-form-control wpcf7-radio\"> \n    <span class=\"captcha-image\" >\n        <span class=\"cf7ic_instructions\">Por favor, prove que voc\u00ea \u00e9 humano selecionando<span> Uma bandeira<\/span>.<\/span><label><input type=\"radio\" name=\"kc_captcha\" value=\"bot\" \/><svg width=\"50px\" height=\"50px\" aria-hidden=\"true\" role=\"img\" xmlns=\"http:\/\/www.w3.org\/2000\/svg\" viewBox=\"0 0 576 512\"><path fill=\"currentColor\" d=\"M488 312.7V456c0 13.3-10.7 24-24 24H348c-6.6 0-12-5.4-12-12V356c0-6.6-5.4-12-12-12h-72c-6.6 0-12 5.4-12 12v112c0 6.6-5.4 12-12 12H112c-13.3 0-24-10.7-24-24V312.7c0-3.6 1.6-7 4.4-9.3l188-154.8c4.4-3.6 10.8-3.6 15.3 0l188 154.8c2.7 2.3 4.3 5.7 4.3 9.3zm83.6-60.9L488 182.9V44.4c0-6.6-5.4-12-12-12h-56c-6.6 0-12 5.4-12 12V117l-89.5-73.7c-17.7-14.6-43.3-14.6-61 0L4.4 251.8c-5.1 4.2-5.8 11.8-1.6 16.9l25.5 31c4.2 5.1 11.8 5.8 16.9 1.6l235.2-193.7c4.4-3.6 10.8-3.6 15.3 0l235.2 193.7c5.1 4.2 12.7 3.5 16.9-1.6l25.5-31c4.2-5.2 3.4-12.7-1.7-16.9z\"><\/path><\/svg><\/label><label><input type=\"radio\" name=\"kc_captcha\" value=\"kc_human\" \/><svg width=\"50px\" height=\"50px\" aria-hidden=\"true\" role=\"img\" xmlns=\"http:\/\/www.w3.org\/2000\/svg\" viewBox=\"0 0 512 512\"><path fill=\"currentColor\" d=\"M349.565 98.783C295.978 98.783 251.721 64 184.348 64c-24.955 0-47.309 4.384-68.045 12.013a55.947 55.947 0 0 0 3.586-23.562C118.117 24.015 94.806 1.206 66.338.048 34.345-1.254 8 24.296 8 56c0 19.026 9.497 35.825 24 45.945V488c0 13.255 10.745 24 24 24h16c13.255 0 24-10.745 24-24v-94.4c28.311-12.064 63.582-22.122 114.435-22.122 53.588 0 97.844 34.783 165.217 34.783 48.169 0 86.667-16.294 122.505-40.858C506.84 359.452 512 349.571 512 339.045v-243.1c0-23.393-24.269-38.87-45.485-29.016-34.338 15.948-76.454 31.854-116.95 31.854z\"><\/path><\/svg><\/label><label><input type=\"radio\" name=\"kc_captcha\" value=\"bot\" \/><svg width=\"50px\" height=\"50px\" aria-hidden=\"true\" role=\"img\" xmlns=\"http:\/\/www.w3.org\/2000\/svg\" viewBox=\"0 0 384 512\"><path fill=\"currentColor\" d=\"M377.33 375.429L293.906 288H328c21.017 0 31.872-25.207 17.448-40.479L262.79 160H296c20.878 0 31.851-24.969 17.587-40.331l-104-112.003c-9.485-10.214-25.676-10.229-35.174 0l-104 112.003C56.206 134.969 67.037 160 88 160h33.21l-82.659 87.521C24.121 262.801 34.993 288 56 288h34.094L6.665 375.429C-7.869 390.655 2.925 416 24.025 416H144c0 32.781-11.188 49.26-33.995 67.506C98.225 492.93 104.914 512 120 512h144c15.086 0 21.776-19.069 9.995-28.494-19.768-15.814-33.992-31.665-33.995-67.496V416h119.97c21.05 0 31.929-25.309 17.36-40.571z\"><\/path><\/svg><\/label>\n    <\/span>\n    <span style=\"display:none\">\n        <input type=\"text\" name=\"kc_honeypot\">\n    <\/span><\/span><\/span><\/p>\n<p><input type=\"submit\" value=\"Enviar\" class=\"wpcf7-form-control wpcf7-submit\" \/><\/p>\n<div class=\"wpcf7-response-output\" role=\"alert\" aria-hidden=\"true\"><\/div><\/form><\/div>\n<p>&nbsp;<\/p>\n<hr \/>\n<p>&nbsp;<\/p>\n<p><span style=\"color: #175482;\">Endere\u00e7o: Rua Padre Paulo Ravier n\u00ba 113 \u2013 Mandaqui \u2013 S\u00e3o Paulo &#8211; SP<\/span><\/p>\n<p><span style=\"color: #175482;\"><br \/>\n<img loading=\"lazy\" class=\"size-full wp-image-800 alignleft\" src=\"http:\/\/fleet.com.br\/site\/wp-content\/uploads\/2015\/12\/phone.png\" alt=\"phone\" width=\"24\" height=\"24\" \/>Fone: <a style=\"color: #175482;\" href=\"tel:29505872\">(11) 2950.5872<br \/>\n<\/a><\/span><\/p>\n<p>&nbsp;<\/p>\n<p><span style=\"color: #175482;\"><img loading=\"lazy\" class=\"size-full wp-image-798 alignleft\" src=\"http:\/\/fleet.com.br\/site\/wp-content\/uploads\/2015\/12\/mail.png\" alt=\"mail\" width=\"24\" height=\"24\" \/>E-mail: <a style=\"color: #175482;\" href=\"mailto:atendimento@fleet.com.br\">atendimento@fleet.com.br<\/a><\/span><\/p>\n","protected":false},"excerpt":{"rendered":"<p>N\u00f3s gostar\u00edamos de ouvir de voc\u00ea. Por favor, envie-nos uma mensagem preenchendo o formul\u00e1rio abaixo e entraremos em contato com voc\u00ea em breve. Se preferir ligue para a gente, nosso tronco chave \u00e9 (11) 2950.5872. &nbsp; Se voc\u00ea \u00e9 um dos nossos parceiros, entre com&#8230;<\/p>\n","protected":false},"author":1,"featured_media":0,"parent":0,"menu_order":0,"comment_status":"closed","ping_status":"closed","template":"","meta":[],"_links":{"self":[{"href":"https:\/\/www.fleet.com.br\/site\/wp-json\/wp\/v2\/pages\/18"}],"collection":[{"href":"https:\/\/www.fleet.com.br\/site\/wp-json\/wp\/v2\/pages"}],"about":[{"href":"https:\/\/www.fleet.com.br\/site\/wp-json\/wp\/v2\/types\/page"}],"author":[{"embeddable":true,"href":"https:\/\/www.fleet.com.br\/site\/wp-json\/wp\/v2\/users\/1"}],"replies":[{"embeddable":true,"href":"https:\/\/www.fleet.com.br\/site\/wp-json\/wp\/v2\/comments?post=18"}],"version-history":[{"count":60,"href":"https:\/\/www.fleet.com.br\/site\/wp-json\/wp\/v2\/pages\/18\/revisions"}],"predecessor-version":[{"id":941,"href":"https:\/\/www.fleet.com.br\/site\/wp-json\/wp\/v2\/pages\/18\/revisions\/941"}],"wp:attachment":[{"href":"https:\/\/www.fleet.com.br\/site\/wp-json\/wp\/v2\/media?parent=18"}],"curies":[{"name":"wp","href":"https:\/\/api.w.org\/{rel}","templated":true}]}}