{"id":16,"date":"2015-12-15T16:40:51","date_gmt":"2015-12-15T16:40:51","guid":{"rendered":"http:\/\/fleet.com.br\/site\/?page_id=16"},"modified":"2020-06-18T13:04:20","modified_gmt":"2020-06-18T13:04:20","slug":"suporte","status":"publish","type":"page","link":"https:\/\/www.fleet.com.br\/site\/suporte\/","title":{"rendered":"Suporte"},"content":{"rendered":"<h2 style=\"text-align: center;\">Bem vindo a p\u00e1gina de suporte da Fleet!<\/h2>\n<p>&nbsp;<\/p>\n<span class=\"su-frame su-frame-align-right su-frame-style-default\"><span class=\"su-frame-inner\"><iframe style=\"border: 0;\" src=\"http:\/\/fleet.com.br\/site\/chat\/index.php\" width=\"250px\" height=\"500px\" frameborder=\"0\" scrolling=\"no\"><\/iframe><\/span><\/span>\n<p><img loading=\"lazy\" class=\"wp-image-110 alignleft\" src=\"http:\/\/fleet.com.br\/site\/wp-content\/uploads\/2015\/12\/i-suporte.png\" alt=\"i-suporte\" width=\"145\" height=\"145\" srcset=\"https:\/\/www.fleet.com.br\/site\/wp-content\/uploads\/2015\/12\/i-suporte.png 200w, https:\/\/www.fleet.com.br\/site\/wp-content\/uploads\/2015\/12\/i-suporte-150x150.png 150w\" sizes=\"(max-width: 145px) 100vw, 145px\" \/><\/p>\n<p>&nbsp;<\/p>\n<p>Esse ambiente foi criado para auxiliar nossos clientes com informa\u00e7\u00f5es e ferramentas de suporte.<\/p>\n<p>Abaixo a ferramenta de assist\u00eancia remota indicada pelo analista:<\/p>\n<p>&nbsp;<\/p>\n<p>&nbsp;<\/p>\n<p>&nbsp;<\/p>\n<p><a href=\"https:\/\/www.ammyy.com\/en\/\"><img loading=\"lazy\" class=\"alignleft wp-image-91\" src=\"http:\/\/fleet.com.br\/site\/wp-content\/uploads\/2015\/12\/ammyy.jpg\" alt=\"ammyy\" width=\"64\" height=\"64\" srcset=\"https:\/\/www.fleet.com.br\/site\/wp-content\/uploads\/2015\/12\/ammyy.jpg 225w, https:\/\/www.fleet.com.br\/site\/wp-content\/uploads\/2015\/12\/ammyy-150x150.jpg 150w\" sizes=\"(max-width: 64px) 100vw, 64px\" \/><\/a><\/p>\n<p>&nbsp;<\/p>\n<p>Clique na imagem ao lado para fazer o download da ferramenta Ammyy<\/p>\n<p>&nbsp;<\/p>\n<p>&nbsp;<\/p>\n<p>&nbsp;<\/p>\n<p>&nbsp;<\/p>\n<p>&nbsp;<\/p>\n<p>&nbsp;<\/p>\n<p>&nbsp;<\/p>\n<p>Caso voc\u00ea seja um dos nossos clientes parceiros, entre com seu usu\u00e1rio e senha no chat ao lado para obter suporte.<\/p>\n<p>&nbsp;<\/p>\n","protected":false},"excerpt":{"rendered":"<p>Bem vindo a p\u00e1gina de suporte da Fleet! &nbsp; &nbsp; Esse ambiente foi criado para auxiliar nossos clientes com informa\u00e7\u00f5es e ferramentas de suporte. Abaixo a ferramenta de assist\u00eancia remota indicada pelo analista: &nbsp; &nbsp; &nbsp; &nbsp; Clique na imagem ao lado para fazer o&#8230;<\/p>\n","protected":false},"author":1,"featured_media":0,"parent":0,"menu_order":0,"comment_status":"closed","ping_status":"closed","template":"","meta":[],"_links":{"self":[{"href":"https:\/\/www.fleet.com.br\/site\/wp-json\/wp\/v2\/pages\/16"}],"collection":[{"href":"https:\/\/www.fleet.com.br\/site\/wp-json\/wp\/v2\/pages"}],"about":[{"href":"https:\/\/www.fleet.com.br\/site\/wp-json\/wp\/v2\/types\/page"}],"author":[{"embeddable":true,"href":"https:\/\/www.fleet.com.br\/site\/wp-json\/wp\/v2\/users\/1"}],"replies":[{"embeddable":true,"href":"https:\/\/www.fleet.com.br\/site\/wp-json\/wp\/v2\/comments?post=16"}],"version-history":[{"count":163,"href":"https:\/\/www.fleet.com.br\/site\/wp-json\/wp\/v2\/pages\/16\/revisions"}],"predecessor-version":[{"id":945,"href":"https:\/\/www.fleet.com.br\/site\/wp-json\/wp\/v2\/pages\/16\/revisions\/945"}],"wp:attachment":[{"href":"https:\/\/www.fleet.com.br\/site\/wp-json\/wp\/v2\/media?parent=16"}],"curies":[{"name":"wp","href":"https:\/\/api.w.org\/{rel}","templated":true}]}}