{"id":13,"date":"2015-12-15T16:17:50","date_gmt":"2015-12-15T16:17:50","guid":{"rendered":"http:\/\/fleet.com.br\/site\/?page_id=13"},"modified":"2016-07-25T20:32:53","modified_gmt":"2016-07-25T20:32:53","slug":"empresa","status":"publish","type":"page","link":"https:\/\/www.fleet.com.br\/site\/empresa\/","title":{"rendered":"Empresa"},"content":{"rendered":"<p><code><script type=\"text\/javascript\">var lsjQuery = jQuery;<\/script><script type=\"text\/javascript\">\r\nlsjQuery(document).ready(function() {\r\n                if(typeof lsjQuery.fn.layerSlider == \"undefined\") { lsShowNotice('layerslider_5','jquery'); }\r\n                    else if(typeof lsjQuery.transit == \"undefined\" || typeof lsjQuery.transit.modifiedForLayerSlider == \"undefined\") { lsShowNotice('layerslider_5', 'transit'); }\r\n                        else {\r\n                            lsjQuery(\"#layerslider_5\").layerSlider({\r\n                                width : '1000px',\r\n                                height : '225px',\r\n                                responsive : true,\r\n                                responsiveUnder : 0,\r\n                                sublayerContainer : 0,\r\n                                autoStart : true,\r\n                                pauseOnHover : true,\r\n                                firstLayer : 1,\r\n                                animateFirstLayer : true,\r\n                                randomSlideshow : false,\r\n                                twoWaySlideshow : true,\r\n                                loops : 0,\r\n                                forceLoopNum : true,\r\n                                autoPlayVideos : true,\r\n                                autoPauseSlideshow : 'auto',\r\n                                youtubePreview : 'maxresdefault.jpg',\r\n                                keybNav : true,\r\n                                touchNav : true,\r\n                                skin : 'fullwidth',\r\n                                skinsPath : 'https:\/\/www.fleet.com.br\/site\/wp-content\/plugins\/LayerSlider\/skins\/',\r\nnavPrevNext : false,\r\n                                navStartStop : false,\r\n                                navButtons : false,\r\n                                hoverPrevNext : false,\r\n                                hoverBottomNav : false,\r\n                                showBarTimer : false,\r\n                                showCircleTimer : true,\r\n                                thumbnailNavigation : 'hover',\r\n                                tnWidth : 100,\r\n                                tnHeight : 60,\r\n                                tnContainerWidth : '60%',\r\n                                tnActiveOpacity : 35,\r\n                                tnInactiveOpacity : 100,\r\n                                imgPreload : true,\r\n                        \t\tyourLogo : false,\r\n                                yourLogoStyle : 'left: 10px; top: 10px;',\r\n                                yourLogoLink : false,\r\n                                yourLogoTarget : '_self',\r\n                                cbInit : function(element) { },\r\n                                cbStart : function(data) { },\r\n                                cbStop : function(data) { },\r\n                                cbPause : function(data) { },\r\n                                cbAnimStart : function(data) { },\r\n                                cbAnimStop : function(data) { },\r\n                                cbPrev : function(data) { },\r\n                                cbNext : function(data) { }\r\n                            });\r\n                        }\r\n            });\r\n        <\/script><div class=\"ls-wp-fullwidth-container\"><div class=\"ls-wp-fullwidth-helper\"><div id=\"layerslider_5\" class=\"ls-wp-container\" style=\"width: 1000px; height: 225px; margin: 0px auto; \"><div class=\"ls-layer\"  style=\"slidedirection: right; slidedelay: 4000; durationin: 1500; durationout: 1500; easingin: easeInOutQuint; easingout: easeInOutQuint; delayin: 0; delayout: 0; \"><img class=\"ls-s-1\"  src=\"https:\/\/fleet.com.br\/site\/wp-content\/uploads\/2015\/12\/img1.jpg\"  style=\"position: absolute; top: -14px; left: 190px;    durationin : 1000; durationout : 1000; easingin : easeInOutQuint; easingout : easeInOutQuint; delayin : 0; delayout : 0; showuntil : 0; \"><\/div><div class=\"ls-layer\"  style=\"slidedirection: right; slidedelay: 4000; durationin: 1500; durationout: 1500; easingin: easeInOutQuint; easingout: easeInOutQuint; delayin: 0; delayout: 0; \"><img class=\"ls-s-1\"  src=\"http:\/\/fleet.com.br\/site\/wp-content\/uploads\/2015\/12\/img2.jpg\"  style=\"position: absolute; top: -18px; left: 192px;    durationin : 1000; durationout : 1000; easingin : easeInOutQuint; easingout : easeInOutQuint; delayin : 0; delayout : 0; showuntil : 0; \"><\/div><\/div><\/div><\/div><\/code><\/p>\n<div style=\"\" class=\"separator normal\"><\/div>\n<p><strong><blockquote style=width:100%;><span class='blockquote_mark'><\/span><\/blockquote><\/strong><strong>Nossas premissas para realizar um trabalho de qualidade s\u00e3o:\u00a0<\/strong>Transpar\u00eancia, respeito, compromisso com resultados e confidencialidade de dados.\u00a0Atuamos no mercado de inform\u00e1tica h\u00e1 mais de 20\u00a0anos e nos especializamos em projetos corporativos.\u00a0Ao longo desses anos, constatamos que o mercado brasileiro \u00e9 heterog\u00eaneo e necessita de consultoria qualificada para atender suas necessidades.<\/p>\n<p>&nbsp;<\/p>\n<p>Cada empresa tem necessidades espec\u00edficas,\u00a0a partir dessa tend\u00eancia apresentamos solu\u00e7\u00f5es personalizadas e criamos projetos sob medida, de acordo com o tamanho e requisitos da sua empresa e que atendam o objeto de estudo satisfatoriamente.\u00a0Unimos o gerenciamento da informa\u00e7\u00e3o com um ambiente \u00e1gil e flex\u00edvel.<\/p>\n<p style=\"text-align: justify;\">Nossa responsabilidade est\u00e1 voltada para a qualidade na entrega de produtos e servi\u00e7os de TI \u2018sob demanda\u2019, garantindo satisfa\u00e7\u00e3o, confiabilidade e melhoria cont\u00ednua. Agregamos valor aos nossos clientes atrav\u00e9s de profissionais \u00e9ticos, comprometidos, motivados e capacitados que a partir de uma an\u00e1lise profunda auxiliam na defini\u00e7\u00e3o da plataforma tecnol\u00f3gica mais adequada.<\/p>\n<p>&nbsp;<\/p>\n<p>Miss\u00e3o: Alcan\u00e7ar o crescimento financeiro, \u00e9tico e moral da nossa empresa.<br \/>\nObjetivo: Concretizar o sucesso dos nossos clientes estabelecendo a ponte para um bom relacionamento.<\/p>\n<p style=\"text-align: right;\">\u00a0Equipe Fleet<\/p>\n","protected":false},"excerpt":{"rendered":"<p>Nossas premissas para realizar um trabalho de qualidade s\u00e3o:\u00a0Transpar\u00eancia, respeito, compromisso com resultados e confidencialidade de dados.\u00a0Atuamos no mercado de inform\u00e1tica h\u00e1 mais de 20\u00a0anos e nos especializamos em projetos corporativos.\u00a0Ao longo desses anos, constatamos que o mercado brasileiro \u00e9 heterog\u00eaneo e necessita de consultoria&#8230;<\/p>\n","protected":false},"author":1,"featured_media":0,"parent":0,"menu_order":0,"comment_status":"closed","ping_status":"closed","template":"","meta":[],"_links":{"self":[{"href":"https:\/\/www.fleet.com.br\/site\/wp-json\/wp\/v2\/pages\/13"}],"collection":[{"href":"https:\/\/www.fleet.com.br\/site\/wp-json\/wp\/v2\/pages"}],"about":[{"href":"https:\/\/www.fleet.com.br\/site\/wp-json\/wp\/v2\/types\/page"}],"author":[{"embeddable":true,"href":"https:\/\/www.fleet.com.br\/site\/wp-json\/wp\/v2\/users\/1"}],"replies":[{"embeddable":true,"href":"https:\/\/www.fleet.com.br\/site\/wp-json\/wp\/v2\/comments?post=13"}],"version-history":[{"count":38,"href":"https:\/\/www.fleet.com.br\/site\/wp-json\/wp\/v2\/pages\/13\/revisions"}],"predecessor-version":[{"id":835,"href":"https:\/\/www.fleet.com.br\/site\/wp-json\/wp\/v2\/pages\/13\/revisions\/835"}],"wp:attachment":[{"href":"https:\/\/www.fleet.com.br\/site\/wp-json\/wp\/v2\/media?parent=13"}],"curies":[{"name":"wp","href":"https:\/\/api.w.org\/{rel}","templated":true}]}}